{"id":2,"date":"2024-09-28T11:53:39","date_gmt":"2024-09-28T11:53:39","guid":{"rendered":"https:\/\/auristec.com\/?page_id=2"},"modified":"2024-09-28T19:46:46","modified_gmt":"2024-09-28T19:46:46","slug":"sample-page","status":"publish","type":"page","link":"https:\/\/auristec.com\/index.php\/sample-page\/","title":{"rendered":"Wir k\u00fcmmern uns"},"content":{"rendered":"\n<p>Der Betrieb von Geb\u00e4uden wird immer komplizierter und die Vorschriften werden immer undurchsichtiger.<\/p>\n\n\n\n<p>Sie m\u00fcssen sich auf Ihr Gesch\u00e4ft konzentrieren und die Geb\u00e4ude m\u00fcssen einfach nur funktionieren.<\/p>\n\n\n\n<blockquote class=\"wp-block-quote is-layout-flow wp-block-quote-is-layout-flow\">\n<p>Wir k\u00fcmmern uns um Ihr Wohlbehagen!<\/p>\n<\/blockquote>\n\n\n\n<p>Im Kern sind wie Facility Manager, wir sehen uns als die M\u00f6glichmacher und Gl\u00fccklichmacher.<\/p>\n\n\n\n<blockquote class=\"wp-block-quote is-layout-flow wp-block-quote-is-layout-flow\">\n<p>F\u00fcr Sie machen wir alles.<\/p>\n<\/blockquote>\n\n\n\n<p>Wir k\u00fcmmern uns um das Technische und das Infrastrukturelle Facility Managment, sowie um die W\u00fcsche, die Sie sonst noch haben.<\/p>\n\n\n\n<p>Wir nennen unsere Help Line auch die &#8222;Gute Fee&#8220;<\/p>\n","protected":false},"excerpt":{"rendered":"<p>Der Betrieb von Geb\u00e4uden wird immer komplizierter und die Vorschriften werden immer undurchsichtiger. Sie m\u00fcssen sich auf Ihr Gesch\u00e4ft konzentrieren und die Geb\u00e4ude m\u00fcssen einfach nur funktionieren. Wir k\u00fcmmern uns um Ihr Wohlbehagen! Im Kern sind wie Facility Manager, wir sehen uns als die M\u00f6glichmacher und Gl\u00fccklichmacher. F\u00fcr Sie machen wir alles. Wir k\u00fcmmern uns [&hellip;]<\/p>\n","protected":false},"author":1,"featured_media":13,"parent":0,"menu_order":0,"comment_status":"closed","ping_status":"open","template":"","meta":{"footnotes":""},"class_list":["post-2","page","type-page","status-publish","has-post-thumbnail","hentry"],"_links":{"self":[{"href":"https:\/\/auristec.com\/index.php\/wp-json\/wp\/v2\/pages\/2","targetHints":{"allow":["GET"]}}],"collection":[{"href":"https:\/\/auristec.com\/index.php\/wp-json\/wp\/v2\/pages"}],"about":[{"href":"https:\/\/auristec.com\/index.php\/wp-json\/wp\/v2\/types\/page"}],"author":[{"embeddable":true,"href":"https:\/\/auristec.com\/index.php\/wp-json\/wp\/v2\/users\/1"}],"replies":[{"embeddable":true,"href":"https:\/\/auristec.com\/index.php\/wp-json\/wp\/v2\/comments?post=2"}],"version-history":[{"count":4,"href":"https:\/\/auristec.com\/index.php\/wp-json\/wp\/v2\/pages\/2\/revisions"}],"predecessor-version":[{"id":34,"href":"https:\/\/auristec.com\/index.php\/wp-json\/wp\/v2\/pages\/2\/revisions\/34"}],"wp:featuredmedia":[{"embeddable":true,"href":"https:\/\/auristec.com\/index.php\/wp-json\/wp\/v2\/media\/13"}],"wp:attachment":[{"href":"https:\/\/auristec.com\/index.php\/wp-json\/wp\/v2\/media?parent=2"}],"curies":[{"name":"wp","href":"https:\/\/api.w.org\/{rel}","templated":true}]}}